{"id":176,"date":"2025-12-24T14:27:35","date_gmt":"2025-12-24T14:27:35","guid":{"rendered":"https:\/\/shuffleheaven.fi\/?post_type=product&#038;p=176"},"modified":"2026-01-18T09:00:13","modified_gmt":"2026-01-18T09:00:13","slug":"shuffle-alkeisjatko","status":"publish","type":"product","link":"https:\/\/shuffleheaven.fi\/index.php\/product\/shuffle-alkeisjatko\/","title":{"rendered":"Shuffle ALKEISJATKO"},"content":{"rendered":"<p>SHUFFLE &#8211; ALKEISJATKOKURSSI KEV\u00c4T 2026<\/p>\n<p>Aika: Torstaisin klo 17<br \/>\nTunnin kesto: 55 minuuttia<br \/>\nPaikka: Rantakyl\u00e4n urheiluhallin tanssisali (Pataluodonkatu 2, 80160 Joensuu)<br \/>\nKurssip\u00e4iv\u00e4t: 22.1.-7.5.2026\u00a0 (HUOMIO! Hiihtolomalla 5.3. ja vappuna 30.4. ei tuntia!)<br \/>\nKurssin kesto: 14 viikkoa<\/p>\n<p>Kurssikuvaus:<\/p>\n<p>Tervetuloa Shufflen alkeisjatkokurssille!<\/p>\n<p>P\u00e4rj\u00e4\u00e4t t\u00e4ll\u00e4 kurssilla, jos olet aiemmin k\u00e4ynyt alkeiskurssin TAI osaat perusliikkeet kohtalaiseen tempoon ilman kertausta.<\/p>\n<p>Opettelemme uusia liikkeit\u00e4 ja tekniikoita sek\u00e4 koreografioita ja harjoittelemme lyhyit\u00e4 freestyle-p\u00e4tki\u00e4. Mahdollisuus my\u00f6s osallistua esityksiin (messut, urheilutilaisuuksien puoliaikaesitykset yms.)<\/p>\n<p>Ota mukaan tunnille:<br \/>\n&#8211; sis\u00e4k\u00e4ytt\u00f6\u00f6n soveltuvat keng\u00e4t (mielell\u00e4\u00e4n hieman luistavat pohjat)<br \/>\n&#8211; juomapullo<br \/>\n&#8211; avoin ja iloinen mieli<br \/>\n(- hikipyyhe)<\/p>\n<p>Kurssille ilmoittauduttuasi saat ennen kurssin alkua tekstiviestin\u00e4 ovikoodin.<br \/>\nTanssisaliin kuljetaan py\u00f6r\u00e4tien kautta, joka on Rantakyl\u00e4n uimahallin ja p\u00e4iv\u00e4kodin v\u00e4liss\u00e4.<\/p>\n","protected":false},"excerpt":{"rendered":"<p>SHUFFLE &#8211; ALKEISJATKOKURSSI KEV\u00c4T 2026 Aika: Torstaisin klo 17 Tunnin kesto: 55 minuuttia Paikka: Rantakyl\u00e4n urheiluhallin tanssisali (Pataluodonkatu 2, 80160 Joensuu) Kurssip\u00e4iv\u00e4t: 22.1.-7.5.2026\u00a0 (HUOMIO! Hiihtolomalla 5.3. ja vappuna 30.4. ei tuntia!) Kurssin kesto: 14 viikkoa Kurssikuvaus: Tervetuloa Shufflen alkeisjatkokurssille! P\u00e4rj\u00e4\u00e4t t\u00e4ll\u00e4 kurssilla, jos olet aiemmin k\u00e4ynyt alkeiskurssin TAI osaat perusliikkeet kohtalaiseen tempoon ilman kertausta. Opettelemme&hellip;&nbsp;<a href=\"https:\/\/shuffleheaven.fi\/index.php\/product\/shuffle-alkeisjatko\/\" rel=\"bookmark\"><span class=\"screen-reader-text\">Shuffle ALKEISJATKO<\/span><\/a><\/p>\n","protected":false},"featured_media":58,"comment_status":"open","ping_status":"closed","template":"","meta":{"neve_meta_sidebar":"","neve_meta_container":"","neve_meta_enable_content_width":"off","neve_meta_content_width":100,"neve_meta_title_alignment":"","neve_meta_author_avatar":"","neve_post_elements_order":"","neve_meta_disable_header":"","neve_meta_disable_footer":"","neve_meta_disable_title":""},"product_brand":[],"product_cat":[18],"product_tag":[],"class_list":{"0":"post-176","1":"product","2":"type-product","3":"status-publish","4":"has-post-thumbnail","6":"product_cat-aikuisten-kurssit","8":"first","9":"instock","10":"virtual","11":"taxable","12":"purchasable","13":"product-type-simple"},"yoast_head":"<!-- This site is optimized with the Yoast SEO plugin v26.6 - https:\/\/yoast.com\/wordpress\/plugins\/seo\/ -->\n<title>Shuffle ALKEISJATKO - SHUFFLEHEAVEN<\/title>\n<meta name=\"robots\" content=\"index, follow, max-snippet:-1, max-image-preview:large, max-video-preview:-1\" \/>\n<link rel=\"canonical\" href=\"https:\/\/shuffleheaven.fi\/index.php\/product\/shuffle-alkeisjatko\/\" \/>\n<meta property=\"og:locale\" content=\"fi_FI\" \/>\n<meta property=\"og:type\" content=\"article\" \/>\n<meta property=\"og:title\" content=\"Shuffle ALKEISJATKO - SHUFFLEHEAVEN\" \/>\n<meta property=\"og:description\" content=\"SHUFFLE &#8211; ALKEISJATKOKURSSI KEV\u00c4T 2026 Aika: Torstaisin klo 17 Tunnin kesto: 55 minuuttia Paikka: Rantakyl\u00e4n urheiluhallin tanssisali (Pataluodonkatu 2, 80160 Joensuu) Kurssip\u00e4iv\u00e4t: 22.1.-7.5.2026\u00a0 (HUOMIO! Hiihtolomalla 5.3. ja vappuna 30.4. ei tuntia!) Kurssin kesto: 14 viikkoa Kurssikuvaus: Tervetuloa Shufflen alkeisjatkokurssille! P\u00e4rj\u00e4\u00e4t t\u00e4ll\u00e4 kurssilla, jos olet aiemmin k\u00e4ynyt alkeiskurssin TAI osaat perusliikkeet kohtalaiseen tempoon ilman kertausta. Opettelemme&hellip;&nbsp;Shuffle ALKEISJATKO\" \/>\n<meta property=\"og:url\" content=\"https:\/\/shuffleheaven.fi\/index.php\/product\/shuffle-alkeisjatko\/\" \/>\n<meta property=\"og:site_name\" content=\"SHUFFLEHEAVEN\" \/>\n<meta property=\"article:modified_time\" content=\"2026-01-18T09:00:13+00:00\" \/>\n<meta property=\"og:image\" content=\"https:\/\/shuffleheaven.fi\/wp-content\/uploads\/2025\/12\/shuffle-kurssikuvat_20240608_233946_0002.png\" \/>\n\t<meta property=\"og:image:width\" content=\"500\" \/>\n\t<meta property=\"og:image:height\" content=\"500\" \/>\n\t<meta property=\"og:image:type\" content=\"image\/png\" \/>\n<meta name=\"twitter:card\" content=\"summary_large_image\" \/>\n<meta name=\"twitter:label1\" content=\"Arvioitu lukuaika\" \/>\n\t<meta name=\"twitter:data1\" content=\"1 minuutti\" \/>\n<script type=\"application\/ld+json\" class=\"yoast-schema-graph\">{\"@context\":\"https:\/\/schema.org\",\"@graph\":[{\"@type\":\"WebPage\",\"@id\":\"https:\/\/shuffleheaven.fi\/index.php\/product\/shuffle-alkeisjatko\/\",\"url\":\"https:\/\/shuffleheaven.fi\/index.php\/product\/shuffle-alkeisjatko\/\",\"name\":\"Shuffle ALKEISJATKO - SHUFFLEHEAVEN\",\"isPartOf\":{\"@id\":\"https:\/\/shuffleheaven.fi\/#website\"},\"primaryImageOfPage\":{\"@id\":\"https:\/\/shuffleheaven.fi\/index.php\/product\/shuffle-alkeisjatko\/#primaryimage\"},\"image\":{\"@id\":\"https:\/\/shuffleheaven.fi\/index.php\/product\/shuffle-alkeisjatko\/#primaryimage\"},\"thumbnailUrl\":\"https:\/\/shuffleheaven.fi\/wp-content\/uploads\/2025\/12\/shuffle-kurssikuvat_20240608_233946_0002.png\",\"datePublished\":\"2025-12-24T14:27:35+00:00\",\"dateModified\":\"2026-01-18T09:00:13+00:00\",\"breadcrumb\":{\"@id\":\"https:\/\/shuffleheaven.fi\/index.php\/product\/shuffle-alkeisjatko\/#breadcrumb\"},\"inLanguage\":\"fi\",\"potentialAction\":[{\"@type\":\"ReadAction\",\"target\":[\"https:\/\/shuffleheaven.fi\/index.php\/product\/shuffle-alkeisjatko\/\"]}]},{\"@type\":\"ImageObject\",\"inLanguage\":\"fi\",\"@id\":\"https:\/\/shuffleheaven.fi\/index.php\/product\/shuffle-alkeisjatko\/#primaryimage\",\"url\":\"https:\/\/shuffleheaven.fi\/wp-content\/uploads\/2025\/12\/shuffle-kurssikuvat_20240608_233946_0002.png\",\"contentUrl\":\"https:\/\/shuffleheaven.fi\/wp-content\/uploads\/2025\/12\/shuffle-kurssikuvat_20240608_233946_0002.png\",\"width\":500,\"height\":500},{\"@type\":\"BreadcrumbList\",\"@id\":\"https:\/\/shuffleheaven.fi\/index.php\/product\/shuffle-alkeisjatko\/#breadcrumb\",\"itemListElement\":[{\"@type\":\"ListItem\",\"position\":1,\"name\":\"Home\",\"item\":\"https:\/\/shuffleheaven.fi\/\"},{\"@type\":\"ListItem\",\"position\":2,\"name\":\"Kurssit\",\"item\":\"https:\/\/shuffleheaven.fi\/index.php\/kurssit\/\"},{\"@type\":\"ListItem\",\"position\":3,\"name\":\"Shuffle ALKEISJATKO\"}]},{\"@type\":\"WebSite\",\"@id\":\"https:\/\/shuffleheaven.fi\/#website\",\"url\":\"https:\/\/shuffleheaven.fi\/\",\"name\":\"SHUFFLEHEAVEN\",\"description\":\"Shuffletanssia Joensuussa\",\"publisher\":{\"@id\":\"https:\/\/shuffleheaven.fi\/#organization\"},\"potentialAction\":[{\"@type\":\"SearchAction\",\"target\":{\"@type\":\"EntryPoint\",\"urlTemplate\":\"https:\/\/shuffleheaven.fi\/?s={search_term_string}\"},\"query-input\":{\"@type\":\"PropertyValueSpecification\",\"valueRequired\":true,\"valueName\":\"search_term_string\"}}],\"inLanguage\":\"fi\"},{\"@type\":\"Organization\",\"@id\":\"https:\/\/shuffleheaven.fi\/#organization\",\"name\":\"SHUFFLEHEAVEN\",\"url\":\"https:\/\/shuffleheaven.fi\/\",\"logo\":{\"@type\":\"ImageObject\",\"inLanguage\":\"fi\",\"@id\":\"https:\/\/shuffleheaven.fi\/#\/schema\/logo\/image\/\",\"url\":\"https:\/\/shuffleheaven.fi\/wp-content\/uploads\/2025\/12\/Untitled-design_20250716_183112_0000.png\",\"contentUrl\":\"https:\/\/shuffleheaven.fi\/wp-content\/uploads\/2025\/12\/Untitled-design_20250716_183112_0000.png\",\"width\":1000,\"height\":1000,\"caption\":\"SHUFFLEHEAVEN\"},\"image\":{\"@id\":\"https:\/\/shuffleheaven.fi\/#\/schema\/logo\/image\/\"}}]}<\/script>\n<!-- \/ Yoast SEO plugin. -->","yoast_head_json":{"title":"Shuffle ALKEISJATKO - SHUFFLEHEAVEN","robots":{"index":"index","follow":"follow","max-snippet":"max-snippet:-1","max-image-preview":"max-image-preview:large","max-video-preview":"max-video-preview:-1"},"canonical":"https:\/\/shuffleheaven.fi\/index.php\/product\/shuffle-alkeisjatko\/","og_locale":"fi_FI","og_type":"article","og_title":"Shuffle ALKEISJATKO - SHUFFLEHEAVEN","og_description":"SHUFFLE &#8211; ALKEISJATKOKURSSI KEV\u00c4T 2026 Aika: Torstaisin klo 17 Tunnin kesto: 55 minuuttia Paikka: Rantakyl\u00e4n urheiluhallin tanssisali (Pataluodonkatu 2, 80160 Joensuu) Kurssip\u00e4iv\u00e4t: 22.1.-7.5.2026\u00a0 (HUOMIO! Hiihtolomalla 5.3. ja vappuna 30.4. ei tuntia!) Kurssin kesto: 14 viikkoa Kurssikuvaus: Tervetuloa Shufflen alkeisjatkokurssille! P\u00e4rj\u00e4\u00e4t t\u00e4ll\u00e4 kurssilla, jos olet aiemmin k\u00e4ynyt alkeiskurssin TAI osaat perusliikkeet kohtalaiseen tempoon ilman kertausta. Opettelemme&hellip;&nbsp;Shuffle ALKEISJATKO","og_url":"https:\/\/shuffleheaven.fi\/index.php\/product\/shuffle-alkeisjatko\/","og_site_name":"SHUFFLEHEAVEN","article_modified_time":"2026-01-18T09:00:13+00:00","og_image":[{"width":500,"height":500,"url":"https:\/\/shuffleheaven.fi\/wp-content\/uploads\/2025\/12\/shuffle-kurssikuvat_20240608_233946_0002.png","type":"image\/png"}],"twitter_card":"summary_large_image","twitter_misc":{"Arvioitu lukuaika":"1 minuutti"},"schema":{"@context":"https:\/\/schema.org","@graph":[{"@type":"WebPage","@id":"https:\/\/shuffleheaven.fi\/index.php\/product\/shuffle-alkeisjatko\/","url":"https:\/\/shuffleheaven.fi\/index.php\/product\/shuffle-alkeisjatko\/","name":"Shuffle ALKEISJATKO - SHUFFLEHEAVEN","isPartOf":{"@id":"https:\/\/shuffleheaven.fi\/#website"},"primaryImageOfPage":{"@id":"https:\/\/shuffleheaven.fi\/index.php\/product\/shuffle-alkeisjatko\/#primaryimage"},"image":{"@id":"https:\/\/shuffleheaven.fi\/index.php\/product\/shuffle-alkeisjatko\/#primaryimage"},"thumbnailUrl":"https:\/\/shuffleheaven.fi\/wp-content\/uploads\/2025\/12\/shuffle-kurssikuvat_20240608_233946_0002.png","datePublished":"2025-12-24T14:27:35+00:00","dateModified":"2026-01-18T09:00:13+00:00","breadcrumb":{"@id":"https:\/\/shuffleheaven.fi\/index.php\/product\/shuffle-alkeisjatko\/#breadcrumb"},"inLanguage":"fi","potentialAction":[{"@type":"ReadAction","target":["https:\/\/shuffleheaven.fi\/index.php\/product\/shuffle-alkeisjatko\/"]}]},{"@type":"ImageObject","inLanguage":"fi","@id":"https:\/\/shuffleheaven.fi\/index.php\/product\/shuffle-alkeisjatko\/#primaryimage","url":"https:\/\/shuffleheaven.fi\/wp-content\/uploads\/2025\/12\/shuffle-kurssikuvat_20240608_233946_0002.png","contentUrl":"https:\/\/shuffleheaven.fi\/wp-content\/uploads\/2025\/12\/shuffle-kurssikuvat_20240608_233946_0002.png","width":500,"height":500},{"@type":"BreadcrumbList","@id":"https:\/\/shuffleheaven.fi\/index.php\/product\/shuffle-alkeisjatko\/#breadcrumb","itemListElement":[{"@type":"ListItem","position":1,"name":"Home","item":"https:\/\/shuffleheaven.fi\/"},{"@type":"ListItem","position":2,"name":"Kurssit","item":"https:\/\/shuffleheaven.fi\/index.php\/kurssit\/"},{"@type":"ListItem","position":3,"name":"Shuffle ALKEISJATKO"}]},{"@type":"WebSite","@id":"https:\/\/shuffleheaven.fi\/#website","url":"https:\/\/shuffleheaven.fi\/","name":"SHUFFLEHEAVEN","description":"Shuffletanssia Joensuussa","publisher":{"@id":"https:\/\/shuffleheaven.fi\/#organization"},"potentialAction":[{"@type":"SearchAction","target":{"@type":"EntryPoint","urlTemplate":"https:\/\/shuffleheaven.fi\/?s={search_term_string}"},"query-input":{"@type":"PropertyValueSpecification","valueRequired":true,"valueName":"search_term_string"}}],"inLanguage":"fi"},{"@type":"Organization","@id":"https:\/\/shuffleheaven.fi\/#organization","name":"SHUFFLEHEAVEN","url":"https:\/\/shuffleheaven.fi\/","logo":{"@type":"ImageObject","inLanguage":"fi","@id":"https:\/\/shuffleheaven.fi\/#\/schema\/logo\/image\/","url":"https:\/\/shuffleheaven.fi\/wp-content\/uploads\/2025\/12\/Untitled-design_20250716_183112_0000.png","contentUrl":"https:\/\/shuffleheaven.fi\/wp-content\/uploads\/2025\/12\/Untitled-design_20250716_183112_0000.png","width":1000,"height":1000,"caption":"SHUFFLEHEAVEN"},"image":{"@id":"https:\/\/shuffleheaven.fi\/#\/schema\/logo\/image\/"}}]}},"jetpack_sharing_enabled":true,"_links":{"self":[{"href":"https:\/\/shuffleheaven.fi\/index.php\/wp-json\/wp\/v2\/product\/176","targetHints":{"allow":["GET"]}}],"collection":[{"href":"https:\/\/shuffleheaven.fi\/index.php\/wp-json\/wp\/v2\/product"}],"about":[{"href":"https:\/\/shuffleheaven.fi\/index.php\/wp-json\/wp\/v2\/types\/product"}],"replies":[{"embeddable":true,"href":"https:\/\/shuffleheaven.fi\/index.php\/wp-json\/wp\/v2\/comments?post=176"}],"wp:featuredmedia":[{"embeddable":true,"href":"https:\/\/shuffleheaven.fi\/index.php\/wp-json\/wp\/v2\/media\/58"}],"wp:attachment":[{"href":"https:\/\/shuffleheaven.fi\/index.php\/wp-json\/wp\/v2\/media?parent=176"}],"wp:term":[{"taxonomy":"product_brand","embeddable":true,"href":"https:\/\/shuffleheaven.fi\/index.php\/wp-json\/wp\/v2\/product_brand?post=176"},{"taxonomy":"product_cat","embeddable":true,"href":"https:\/\/shuffleheaven.fi\/index.php\/wp-json\/wp\/v2\/product_cat?post=176"},{"taxonomy":"product_tag","embeddable":true,"href":"https:\/\/shuffleheaven.fi\/index.php\/wp-json\/wp\/v2\/product_tag?post=176"}],"curies":[{"name":"wp","href":"https:\/\/api.w.org\/{rel}","templated":true}]}}