{"id":45,"date":"2025-12-23T10:20:40","date_gmt":"2025-12-23T10:20:40","guid":{"rendered":"https:\/\/shuffleheaven.fi\/?page_id=45"},"modified":"2025-12-26T14:44:32","modified_gmt":"2025-12-26T14:44:32","slug":"etusivu","status":"publish","type":"page","link":"https:\/\/shuffleheaven.fi\/","title":{"rendered":"Etusivu"},"content":{"rendered":"\t\t<div data-elementor-type=\"wp-page\" data-elementor-id=\"45\" class=\"elementor elementor-45\" data-elementor-post-type=\"page\">\n\t\t\t\t<div class=\"elementor-element elementor-element-0b73984 e-flex e-con-boxed e-con e-parent\" data-id=\"0b73984\" data-element_type=\"container\">\n\t\t\t\t\t<div class=\"e-con-inner\">\n\t\t\t\t<div class=\"elementor-element elementor-element-0a28e85 elementor-widget elementor-widget-spacer\" data-id=\"0a28e85\" data-element_type=\"widget\" data-widget_type=\"spacer.default\">\n\t\t\t\t\t\t\t<div class=\"elementor-spacer\">\n\t\t\t<div class=\"elementor-spacer-inner\"><\/div>\n\t\t<\/div>\n\t\t\t\t\t\t<\/div>\n\t\t\t\t\t<\/div>\n\t\t\t\t<\/div>\n\t\t<div class=\"elementor-element elementor-element-cae7337 e-flex e-con-boxed e-con e-parent\" data-id=\"cae7337\" data-element_type=\"container\">\n\t\t\t\t\t<div class=\"e-con-inner\">\n\t\t\t\t<div class=\"elementor-element elementor-element-6587836 elementor-widget elementor-widget-heading\" data-id=\"6587836\" data-element_type=\"widget\" data-widget_type=\"heading.default\">\n\t\t\t\t\t<h2 class=\"elementor-heading-title elementor-size-default\">MIT\u00c4 SHUFFLETANSSI ON?<\/h2>\t\t\t\t<\/div>\n\t\t\t\t\t<\/div>\n\t\t\t\t<\/div>\n\t\t<div class=\"elementor-element elementor-element-c6aa08f e-grid e-con-boxed e-con e-parent\" data-id=\"c6aa08f\" data-element_type=\"container\">\n\t\t\t\t\t<div class=\"e-con-inner\">\n\t\t<div class=\"elementor-element elementor-element-855b52a e-con-full e-grid e-con e-child\" data-id=\"855b52a\" data-element_type=\"container\">\n\t\t\t\t<div class=\"elementor-element elementor-element-82c0405 elementor-widget__width-initial elementor-widget elementor-widget-video\" data-id=\"82c0405\" data-element_type=\"widget\" data-settings=\"{&quot;video_type&quot;:&quot;hosted&quot;,&quot;controls&quot;:&quot;yes&quot;}\" data-widget_type=\"video.default\">\n\t\t\t\t\t\t\t<div class=\"e-hosted-video elementor-wrapper elementor-open-inline\">\n\t\t\t\t\t<video class=\"elementor-video\" src=\"https:\/\/shuffleheaven.fi\/wp-content\/uploads\/2025\/12\/Upload-from-mobile-1766619212VID_20251225013207.mp4\" controls=\"\" preload=\"metadata\" controlsList=\"nodownload\"><\/video>\n\t\t\t\t<\/div>\n\t\t\t\t\t\t<\/div>\n\t\t<div class=\"elementor-element elementor-element-48d9f31 e-con-full e-flex e-con e-child\" data-id=\"48d9f31\" data-element_type=\"container\">\n\t\t\t\t<div class=\"elementor-element elementor-element-8a56ac1 elementor-widget elementor-widget-text-editor\" data-id=\"8a56ac1\" data-element_type=\"widget\" data-widget_type=\"text-editor.default\">\n\t\t\t\t\t\t\t\t\t<p>Shuffle on energinen nopeaan jalkaty\u00f6skentelyyn perustuva tanssi. Se sai alkunsa Australian rave-kulttuurissa 1980-luvulla ja on sittemmin levinnyt ymp\u00e4ri maailman sosiaalisen median siivitt\u00e4m\u00e4n\u00e4.<\/p>\t\t\t\t\t\t\t\t<\/div>\n\t\t\t\t<\/div>\n\t\t\t\t<\/div>\n\t\t<div class=\"elementor-element elementor-element-ae8bfc1 e-con-full e-flex e-con e-child\" data-id=\"ae8bfc1\" data-element_type=\"container\">\n\t\t<div class=\"elementor-element elementor-element-4611ed8 e-con-full e-flex e-con e-child\" data-id=\"4611ed8\" data-element_type=\"container\" data-settings=\"{&quot;background_background&quot;:&quot;classic&quot;}\">\n\t\t\t\t<div class=\"elementor-element elementor-element-7c39212 elementor-widget elementor-widget-heading\" data-id=\"7c39212\" data-element_type=\"widget\" data-widget_type=\"heading.default\">\n\t\t\t\t\t<h3 class=\"elementor-heading-title elementor-size-default\">OSTA KURSSI KAVERIN KANSSA, \nMOLEMMAT SAAVAT 9 euron ALENNUksen!\n<br>\n<br>\nLis\u00e4\u00e4 ostoskoriin kaksi kurssia, automaattinen alennus lasketaan kassalla.\n\n<\/h3>\t\t\t\t<\/div>\n\t\t\t\t<div class=\"elementor-element elementor-element-cfc61bb elementor-align-center elementor-widget elementor-widget-button\" data-id=\"cfc61bb\" data-element_type=\"widget\" data-widget_type=\"button.default\">\n\t\t\t\t\t\t\t\t\t\t<a class=\"elementor-button elementor-button-link elementor-size-sm\" href=\"https:\/\/shuffleheaven.fi\/index.php\/kauppa\/\">\n\t\t\t\t\t\t<span class=\"elementor-button-content-wrapper\">\n\t\t\t\t\t\t\t\t\t<span class=\"elementor-button-text\">Tutustu kursseihin t\u00e4\u00e4lt\u00e4!<\/span>\n\t\t\t\t\t<\/span>\n\t\t\t\t\t<\/a>\n\t\t\t\t\t\t\t\t<\/div>\n\t\t\t\t<\/div>\n\t\t\t\t<\/div>\n\t\t\t\t\t<\/div>\n\t\t\t\t<\/div>\n\t\t<div class=\"elementor-element elementor-element-a7d31f0 e-flex e-con-boxed e-con e-parent\" data-id=\"a7d31f0\" data-element_type=\"container\">\n\t\t\t\t\t<div class=\"e-con-inner\">\n\t\t<div class=\"elementor-element elementor-element-fb6fc11 e-con-full e-flex e-con e-child\" data-id=\"fb6fc11\" data-element_type=\"container\">\n\t\t<div class=\"elementor-element elementor-element-ba9f277 e-grid e-con-full e-con e-child\" data-id=\"ba9f277\" data-element_type=\"container\">\n\t\t\t\t<div class=\"elementor-element elementor-element-28595b7 elementor-align-center elementor-widget elementor-widget-button\" data-id=\"28595b7\" data-element_type=\"widget\" data-widget_type=\"button.default\">\n\t\t\t\t\t\t\t\t\t\t<a class=\"elementor-button elementor-button-link elementor-size-sm\" href=\"https:\/\/shuffleheaven.fi\/index.php\/kauppa\/\">\n\t\t\t\t\t\t<span class=\"elementor-button-content-wrapper\">\n\t\t\t\t\t\t\t\t\t<span class=\"elementor-button-text\">KURSSIT<\/span>\n\t\t\t\t\t<\/span>\n\t\t\t\t\t<\/a>\n\t\t\t\t\t\t\t\t<\/div>\n\t\t\t\t<div class=\"elementor-element elementor-element-5e343b9 elementor-align-center elementor-widget elementor-widget-button\" data-id=\"5e343b9\" data-element_type=\"widget\" data-widget_type=\"button.default\">\n\t\t\t\t\t\t\t\t\t\t<a class=\"elementor-button elementor-button-link elementor-size-sm\" href=\"#\">\n\t\t\t\t\t\t<span class=\"elementor-button-content-wrapper\">\n\t\t\t\t\t\t\t\t\t<span class=\"elementor-button-text\">AIKATAULUT<\/span>\n\t\t\t\t\t<\/span>\n\t\t\t\t\t<\/a>\n\t\t\t\t\t\t\t\t<\/div>\n\t\t\t\t<\/div>\n\t\t\t\t<\/div>\n\t\t\t\t\t<\/div>\n\t\t\t\t<\/div>\n\t\t<div class=\"elementor-element elementor-element-8192661 e-flex e-con-boxed e-con e-parent\" data-id=\"8192661\" data-element_type=\"container\">\n\t\t\t\t\t<div class=\"e-con-inner\">\n\t\t<div class=\"elementor-element elementor-element-21bde39 e-con-full e-flex e-con e-child\" data-id=\"21bde39\" data-element_type=\"container\">\n\t\t\t\t<div class=\"elementor-element elementor-element-c122ebb elementor-widget elementor-widget-heading\" data-id=\"c122ebb\" data-element_type=\"widget\" data-widget_type=\"heading.default\">\n\t\t\t\t\t<h1 class=\"elementor-heading-title elementor-size-default\">KENElle?<\/h1>\t\t\t\t<\/div>\n\t\t<div class=\"elementor-element elementor-element-fa86ad9 e-grid e-con-full e-con e-child\" data-id=\"fa86ad9\" data-element_type=\"container\">\n\t\t<div class=\"elementor-element elementor-element-2686831 e-con-full e-flex e-con e-child\" data-id=\"2686831\" data-element_type=\"container\">\n\t\t<div class=\"elementor-element elementor-element-ec27a83 e-con-full e-flex e-con e-child\" data-id=\"ec27a83\" data-element_type=\"container\">\n\t\t\t\t<div class=\"elementor-element elementor-element-55768de elementor-widget elementor-widget-heading\" data-id=\"55768de\" data-element_type=\"widget\" data-widget_type=\"heading.default\">\n\t\t\t\t\t<h2 class=\"elementor-heading-title elementor-size-default\">ALOITTELIJAT<\/h2>\t\t\t\t<\/div>\n\t\t\t\t<div class=\"elementor-element elementor-element-d000d79 elementor-widget elementor-widget-text-editor\" data-id=\"d000d79\" data-element_type=\"widget\" data-widget_type=\"text-editor.default\">\n\t\t\t\t\t\t\t\t\t<ul><li>\u00a0Et tarvitse tanssitaustaa<\/li><li>\u00a0Opetus l\u00e4htee t\u00e4ysin nollasta<\/li><li>Kaikenkuntoisille ja -tasoisille<\/li><\/ul>\t\t\t\t\t\t\t\t<\/div>\n\t\t\t\t<\/div>\n\t\t\t\t<\/div>\n\t\t<div class=\"elementor-element elementor-element-25da937 e-con-full e-flex e-con e-child\" data-id=\"25da937\" data-element_type=\"container\">\n\t\t<div class=\"elementor-element elementor-element-4b6a5bf e-con-full e-flex e-con e-child\" data-id=\"4b6a5bf\" data-element_type=\"container\">\n\t\t\t\t<div class=\"elementor-element elementor-element-db4b8fd elementor-widget elementor-widget-heading\" data-id=\"db4b8fd\" data-element_type=\"widget\" data-widget_type=\"heading.default\">\n\t\t\t\t\t<h3 class=\"elementor-heading-title elementor-size-default\">harrastajat<\/h3>\t\t\t\t<\/div>\n\t\t\t\t<div class=\"elementor-element elementor-element-9398c2d elementor-widget elementor-widget-text-editor\" data-id=\"9398c2d\" data-element_type=\"widget\" data-widget_type=\"text-editor.default\">\n\t\t\t\t\t\t\t\t\t<ul><li>Olet harrastanut shufflea aiemmin<\/li><li>Itsens\u00e4 kehitt\u00e4minen<\/li><li>Uudet tekniikat<\/li><\/ul>\t\t\t\t\t\t\t\t<\/div>\n\t\t\t\t<\/div>\n\t\t\t\t<\/div>\n\t\t<div class=\"elementor-element elementor-element-e2d5ad6 e-con-full e-flex e-con e-child\" data-id=\"e2d5ad6\" data-element_type=\"container\">\n\t\t<div class=\"elementor-element elementor-element-d08144b e-con-full e-flex e-con e-child\" data-id=\"d08144b\" data-element_type=\"container\">\n\t\t\t\t<div class=\"elementor-element elementor-element-e4cb2f0 elementor-widget elementor-widget-heading\" data-id=\"e4cb2f0\" data-element_type=\"widget\" data-widget_type=\"heading.default\">\n\t\t\t\t\t<h3 class=\"elementor-heading-title elementor-size-default\">musiikista ja liikkeest\u00e4<br>innostuneet<\/h3>\t\t\t\t<\/div>\n\t\t\t\t<div class=\"elementor-element elementor-element-6b86a80 elementor-widget elementor-widget-text-editor\" data-id=\"6b86a80\" data-element_type=\"widget\" data-widget_type=\"text-editor.default\">\n\t\t\t\t\t\t\t\t\t<ul><li>Tule mukaan fiilistelem\u00e4\u00e4n hyv\u00e4\u00e4 musiikkia<\/li><li>Haasta itse\u00e4si: rytmi, musiikki, askeleet<\/li><li>Mukava, innostava ja kannustava yhteis\u00f6<\/li><\/ul>\t\t\t\t\t\t\t\t<\/div>\n\t\t\t\t<\/div>\n\t\t\t\t<\/div>\n\t\t\t\t<\/div>\n\t\t\t\t<\/div>\n\t\t\t\t\t<\/div>\n\t\t\t\t<\/div>\n\t\t\t\t<\/div>\n\t\t","protected":false},"excerpt":{"rendered":"<p>MIT\u00c4 SHUFFLETANSSI ON? https:\/\/shuffleheaven.fi\/wp-content\/uploads\/2025\/12\/Upload-from-mobile-1766619212VID_20251225013207.mp4 Shuffle on energinen nopeaan jalkaty\u00f6skentelyyn perustuva tanssi. Se sai alkunsa Australian rave-kulttuurissa 1980-luvulla ja on sittemmin levinnyt ymp\u00e4ri maailman sosiaalisen median siivitt\u00e4m\u00e4n\u00e4. OSTA KURSSI KAVERIN KANSSA, MOLEMMAT SAAVAT 9 euron ALENNUksen! Lis\u00e4\u00e4 ostoskoriin kaksi kurssia, automaattinen alennus lasketaan kassalla. Tutustu kursseihin t\u00e4\u00e4lt\u00e4! KURSSIT AIKATAULUT KENElle? ALOITTELIJAT \u00a0Et tarvitse tanssitaustaa \u00a0Opetus l\u00e4htee&hellip;&nbsp;<a href=\"https:\/\/shuffleheaven.fi\/\" rel=\"bookmark\"><span class=\"screen-reader-text\">Etusivu<\/span><\/a><\/p>\n","protected":false},"author":1,"featured_media":0,"parent":0,"menu_order":0,"comment_status":"closed","ping_status":"closed","template":"page-templates\/template-pagebuilder-full-width.php","meta":{"neve_meta_sidebar":"left","neve_meta_container":"full-width","neve_meta_enable_content_width":"","neve_meta_content_width":70,"neve_meta_title_alignment":"","neve_meta_author_avatar":"","neve_post_elements_order":"","neve_meta_disable_header":"off","neve_meta_disable_footer":"off","neve_meta_disable_title":"on","footnotes":""},"class_list":["post-45","page","type-page","status-publish","hentry"],"yoast_head":"<!-- This site is optimized with the Yoast SEO plugin v26.6 - https:\/\/yoast.com\/wordpress\/plugins\/seo\/ -->\n<title>Etusivu - SHUFFLEHEAVEN<\/title>\n<meta name=\"robots\" content=\"index, follow, max-snippet:-1, max-image-preview:large, max-video-preview:-1\" \/>\n<link rel=\"canonical\" href=\"https:\/\/shuffleheaven.fi\/\" \/>\n<meta property=\"og:locale\" content=\"fi_FI\" \/>\n<meta property=\"og:type\" content=\"article\" \/>\n<meta property=\"og:title\" content=\"Etusivu - SHUFFLEHEAVEN\" \/>\n<meta property=\"og:description\" content=\"MIT\u00c4 SHUFFLETANSSI ON? https:\/\/shuffleheaven.fi\/wp-content\/uploads\/2025\/12\/Upload-from-mobile-1766619212VID_20251225013207.mp4 Shuffle on energinen nopeaan jalkaty\u00f6skentelyyn perustuva tanssi. Se sai alkunsa Australian rave-kulttuurissa 1980-luvulla ja on sittemmin levinnyt ymp\u00e4ri maailman sosiaalisen median siivitt\u00e4m\u00e4n\u00e4. OSTA KURSSI KAVERIN KANSSA, MOLEMMAT SAAVAT 9 euron ALENNUksen! Lis\u00e4\u00e4 ostoskoriin kaksi kurssia, automaattinen alennus lasketaan kassalla. Tutustu kursseihin t\u00e4\u00e4lt\u00e4! KURSSIT AIKATAULUT KENElle? ALOITTELIJAT \u00a0Et tarvitse tanssitaustaa \u00a0Opetus l\u00e4htee&hellip;&nbsp;Etusivu\" \/>\n<meta property=\"og:url\" content=\"https:\/\/shuffleheaven.fi\/\" \/>\n<meta property=\"og:site_name\" content=\"SHUFFLEHEAVEN\" \/>\n<meta property=\"article:modified_time\" content=\"2025-12-26T14:44:32+00:00\" \/>\n<meta name=\"twitter:card\" content=\"summary_large_image\" \/>\n<meta name=\"twitter:label1\" content=\"Arvioitu lukuaika\" \/>\n\t<meta name=\"twitter:data1\" content=\"1 minuutti\" \/>\n<script type=\"application\/ld+json\" class=\"yoast-schema-graph\">{\"@context\":\"https:\/\/schema.org\",\"@graph\":[{\"@type\":\"WebPage\",\"@id\":\"https:\/\/shuffleheaven.fi\/\",\"url\":\"https:\/\/shuffleheaven.fi\/\",\"name\":\"Etusivu - SHUFFLEHEAVEN\",\"isPartOf\":{\"@id\":\"https:\/\/shuffleheaven.fi\/#website\"},\"datePublished\":\"2025-12-23T10:20:40+00:00\",\"dateModified\":\"2025-12-26T14:44:32+00:00\",\"breadcrumb\":{\"@id\":\"https:\/\/shuffleheaven.fi\/#breadcrumb\"},\"inLanguage\":\"fi\",\"potentialAction\":[{\"@type\":\"ReadAction\",\"target\":[\"https:\/\/shuffleheaven.fi\/\"]}]},{\"@type\":\"BreadcrumbList\",\"@id\":\"https:\/\/shuffleheaven.fi\/#breadcrumb\",\"itemListElement\":[{\"@type\":\"ListItem\",\"position\":1,\"name\":\"Home\",\"item\":\"https:\/\/shuffleheaven.fi\/\"},{\"@type\":\"ListItem\",\"position\":2,\"name\":\"Etusivu\"}]},{\"@type\":\"WebSite\",\"@id\":\"https:\/\/shuffleheaven.fi\/#website\",\"url\":\"https:\/\/shuffleheaven.fi\/\",\"name\":\"SHUFFLEHEAVEN\",\"description\":\"Shuffletanssia Joensuussa\",\"publisher\":{\"@id\":\"https:\/\/shuffleheaven.fi\/#organization\"},\"potentialAction\":[{\"@type\":\"SearchAction\",\"target\":{\"@type\":\"EntryPoint\",\"urlTemplate\":\"https:\/\/shuffleheaven.fi\/?s={search_term_string}\"},\"query-input\":{\"@type\":\"PropertyValueSpecification\",\"valueRequired\":true,\"valueName\":\"search_term_string\"}}],\"inLanguage\":\"fi\"},{\"@type\":\"Organization\",\"@id\":\"https:\/\/shuffleheaven.fi\/#organization\",\"name\":\"SHUFFLEHEAVEN\",\"url\":\"https:\/\/shuffleheaven.fi\/\",\"logo\":{\"@type\":\"ImageObject\",\"inLanguage\":\"fi\",\"@id\":\"https:\/\/shuffleheaven.fi\/#\/schema\/logo\/image\/\",\"url\":\"https:\/\/shuffleheaven.fi\/wp-content\/uploads\/2025\/12\/Untitled-design_20250716_183112_0000.png\",\"contentUrl\":\"https:\/\/shuffleheaven.fi\/wp-content\/uploads\/2025\/12\/Untitled-design_20250716_183112_0000.png\",\"width\":1000,\"height\":1000,\"caption\":\"SHUFFLEHEAVEN\"},\"image\":{\"@id\":\"https:\/\/shuffleheaven.fi\/#\/schema\/logo\/image\/\"}}]}<\/script>\n<!-- \/ Yoast SEO plugin. -->","yoast_head_json":{"title":"Etusivu - SHUFFLEHEAVEN","robots":{"index":"index","follow":"follow","max-snippet":"max-snippet:-1","max-image-preview":"max-image-preview:large","max-video-preview":"max-video-preview:-1"},"canonical":"https:\/\/shuffleheaven.fi\/","og_locale":"fi_FI","og_type":"article","og_title":"Etusivu - SHUFFLEHEAVEN","og_description":"MIT\u00c4 SHUFFLETANSSI ON? https:\/\/shuffleheaven.fi\/wp-content\/uploads\/2025\/12\/Upload-from-mobile-1766619212VID_20251225013207.mp4 Shuffle on energinen nopeaan jalkaty\u00f6skentelyyn perustuva tanssi. Se sai alkunsa Australian rave-kulttuurissa 1980-luvulla ja on sittemmin levinnyt ymp\u00e4ri maailman sosiaalisen median siivitt\u00e4m\u00e4n\u00e4. OSTA KURSSI KAVERIN KANSSA, MOLEMMAT SAAVAT 9 euron ALENNUksen! Lis\u00e4\u00e4 ostoskoriin kaksi kurssia, automaattinen alennus lasketaan kassalla. Tutustu kursseihin t\u00e4\u00e4lt\u00e4! KURSSIT AIKATAULUT KENElle? ALOITTELIJAT \u00a0Et tarvitse tanssitaustaa \u00a0Opetus l\u00e4htee&hellip;&nbsp;Etusivu","og_url":"https:\/\/shuffleheaven.fi\/","og_site_name":"SHUFFLEHEAVEN","article_modified_time":"2025-12-26T14:44:32+00:00","twitter_card":"summary_large_image","twitter_misc":{"Arvioitu lukuaika":"1 minuutti"},"schema":{"@context":"https:\/\/schema.org","@graph":[{"@type":"WebPage","@id":"https:\/\/shuffleheaven.fi\/","url":"https:\/\/shuffleheaven.fi\/","name":"Etusivu - SHUFFLEHEAVEN","isPartOf":{"@id":"https:\/\/shuffleheaven.fi\/#website"},"datePublished":"2025-12-23T10:20:40+00:00","dateModified":"2025-12-26T14:44:32+00:00","breadcrumb":{"@id":"https:\/\/shuffleheaven.fi\/#breadcrumb"},"inLanguage":"fi","potentialAction":[{"@type":"ReadAction","target":["https:\/\/shuffleheaven.fi\/"]}]},{"@type":"BreadcrumbList","@id":"https:\/\/shuffleheaven.fi\/#breadcrumb","itemListElement":[{"@type":"ListItem","position":1,"name":"Home","item":"https:\/\/shuffleheaven.fi\/"},{"@type":"ListItem","position":2,"name":"Etusivu"}]},{"@type":"WebSite","@id":"https:\/\/shuffleheaven.fi\/#website","url":"https:\/\/shuffleheaven.fi\/","name":"SHUFFLEHEAVEN","description":"Shuffletanssia Joensuussa","publisher":{"@id":"https:\/\/shuffleheaven.fi\/#organization"},"potentialAction":[{"@type":"SearchAction","target":{"@type":"EntryPoint","urlTemplate":"https:\/\/shuffleheaven.fi\/?s={search_term_string}"},"query-input":{"@type":"PropertyValueSpecification","valueRequired":true,"valueName":"search_term_string"}}],"inLanguage":"fi"},{"@type":"Organization","@id":"https:\/\/shuffleheaven.fi\/#organization","name":"SHUFFLEHEAVEN","url":"https:\/\/shuffleheaven.fi\/","logo":{"@type":"ImageObject","inLanguage":"fi","@id":"https:\/\/shuffleheaven.fi\/#\/schema\/logo\/image\/","url":"https:\/\/shuffleheaven.fi\/wp-content\/uploads\/2025\/12\/Untitled-design_20250716_183112_0000.png","contentUrl":"https:\/\/shuffleheaven.fi\/wp-content\/uploads\/2025\/12\/Untitled-design_20250716_183112_0000.png","width":1000,"height":1000,"caption":"SHUFFLEHEAVEN"},"image":{"@id":"https:\/\/shuffleheaven.fi\/#\/schema\/logo\/image\/"}}]}},"jetpack_sharing_enabled":true,"_links":{"self":[{"href":"https:\/\/shuffleheaven.fi\/index.php\/wp-json\/wp\/v2\/pages\/45","targetHints":{"allow":["GET"]}}],"collection":[{"href":"https:\/\/shuffleheaven.fi\/index.php\/wp-json\/wp\/v2\/pages"}],"about":[{"href":"https:\/\/shuffleheaven.fi\/index.php\/wp-json\/wp\/v2\/types\/page"}],"author":[{"embeddable":true,"href":"https:\/\/shuffleheaven.fi\/index.php\/wp-json\/wp\/v2\/users\/1"}],"replies":[{"embeddable":true,"href":"https:\/\/shuffleheaven.fi\/index.php\/wp-json\/wp\/v2\/comments?post=45"}],"version-history":[{"count":55,"href":"https:\/\/shuffleheaven.fi\/index.php\/wp-json\/wp\/v2\/pages\/45\/revisions"}],"predecessor-version":[{"id":296,"href":"https:\/\/shuffleheaven.fi\/index.php\/wp-json\/wp\/v2\/pages\/45\/revisions\/296"}],"wp:attachment":[{"href":"https:\/\/shuffleheaven.fi\/index.php\/wp-json\/wp\/v2\/media?parent=45"}],"curies":[{"name":"wp","href":"https:\/\/api.w.org\/{rel}","templated":true}]}}