{"id":2,"date":"2025-12-23T09:26:08","date_gmt":"2025-12-23T09:26:08","guid":{"rendered":"https:\/\/shuffleheaven.fi\/?page_id=2"},"modified":"2026-02-01T19:31:58","modified_gmt":"2026-02-01T19:31:58","slug":"meista","status":"publish","type":"page","link":"https:\/\/shuffleheaven.fi\/index.php\/meista\/","title":{"rendered":"Meist\u00e4"},"content":{"rendered":"\t\t<div data-elementor-type=\"wp-page\" data-elementor-id=\"2\" class=\"elementor elementor-2\" data-elementor-post-type=\"page\">\n\t\t\t\t<div class=\"elementor-element elementor-element-b3da2a8 e-flex e-con-boxed e-con e-parent\" data-id=\"b3da2a8\" data-element_type=\"container\">\n\t\t\t\t\t<div class=\"e-con-inner\">\n\t\t<div class=\"elementor-element elementor-element-179c6fc e-con-full e-flex e-con e-child\" data-id=\"179c6fc\" data-element_type=\"container\">\n\t\t\t\t<div class=\"elementor-element elementor-element-eb9c5c5 elementor-widget elementor-widget-image\" data-id=\"eb9c5c5\" data-element_type=\"widget\" data-widget_type=\"image.default\">\n\t\t\t\t\t\t\t\t\t\t\t\t\t\t\t<img fetchpriority=\"high\" decoding=\"async\" width=\"683\" height=\"1024\" src=\"https:\/\/shuffleheaven.fi\/wp-content\/uploads\/2026\/02\/DSC09666-683x1024.jpg\" class=\"attachment-large size-large wp-image-326\" alt=\"\" srcset=\"https:\/\/shuffleheaven.fi\/wp-content\/uploads\/2026\/02\/DSC09666-683x1024.jpg 683w, https:\/\/shuffleheaven.fi\/wp-content\/uploads\/2026\/02\/DSC09666-200x300.jpg 200w, https:\/\/shuffleheaven.fi\/wp-content\/uploads\/2026\/02\/DSC09666-768x1152.jpg 768w, https:\/\/shuffleheaven.fi\/wp-content\/uploads\/2026\/02\/DSC09666-600x900.jpg 600w, https:\/\/shuffleheaven.fi\/wp-content\/uploads\/2026\/02\/DSC09666.jpg 1024w\" sizes=\"(max-width: 683px) 100vw, 683px\" \/>\t\t\t\t\t\t\t\t\t\t\t\t\t\t\t<\/div>\n\t\t\t\t<\/div>\n\t\t<div class=\"elementor-element elementor-element-e63b82f e-con-full e-flex e-con e-child\" data-id=\"e63b82f\" data-element_type=\"container\">\n\t\t<div class=\"elementor-element elementor-element-10d9fd8 e-con-full e-flex e-con e-child\" data-id=\"10d9fd8\" data-element_type=\"container\">\n\t\t\t\t<div class=\"elementor-element elementor-element-8490d80 elementor-widget elementor-widget-heading\" data-id=\"8490d80\" data-element_type=\"widget\" data-widget_type=\"heading.default\">\n\t\t\t\t\t<h2 class=\"elementor-heading-title elementor-size-default\">kuka on shuffleheavenin takana?<\/h2>\t\t\t\t<\/div>\n\t\t\t\t<\/div>\n\t\t<div class=\"elementor-element elementor-element-dd4c559 e-con-full e-flex e-con e-child\" data-id=\"dd4c559\" data-element_type=\"container\">\n\t\t\t\t<div class=\"elementor-element elementor-element-6c25805 elementor-widget elementor-widget-text-editor\" data-id=\"6c25805\" data-element_type=\"widget\" data-widget_type=\"text-editor.default\">\n\t\t\t\t\t\t\t\t\t<p>Moi! Olen Maiju P\u00f6pp\u00f6nen, joensuulainen yritt\u00e4j\u00e4 ja tanssinohjaaja! Olen itse innostunut shuffletanssista vuonna 2021 ja aloittanut silloin shufflen harrastamisen. Oma taustani tanssissa ennen shufflen harrastamista ei ole laaja tai pitk\u00e4 lukuunottamatta lapsuuden muutamia lyhyit\u00e4 tanssiharrastuksia. Olen aina pit\u00e4nyt tanssista, mutta olen kokenut aikaisemmin olevani k\u00f6mpel\u00f6 ja shuffletanssin my\u00f6t\u00e4 olen saanut paljon itsevarmuutta, k\u00f6mpelyyteni on v\u00e4hentynyt ja koordinaatio on parantunut sek\u00e4 olen l\u00f6yt\u00e4nyt tanssin ilon!\u00a0<br \/><br \/><\/p><p>Olen opetellut shufflea paljon itse, mutta olen opiskellut shufflea my\u00f6s kansainv\u00e4listen opettajien johdolla, mm. Helsingiss\u00e4 espanjalaisen Mark Toren workshopeilla sek\u00e4 Balilla amerikkalaisten Tori Nishinon sek\u00e4 Lauren Corazzon johdolla shuffleretriitill\u00e4.\u00a0<br \/><br \/><\/p>\t\t\t\t\t\t\t\t<\/div>\n\t\t\t\t<\/div>\n\t\t\t\t<\/div>\n\t\t\t\t\t<\/div>\n\t\t\t\t<\/div>\n\t\t<div class=\"elementor-element elementor-element-5745675 e-flex e-con-boxed e-con e-parent\" data-id=\"5745675\" data-element_type=\"container\">\n\t\t\t\t\t<div class=\"e-con-inner\">\n\t\t<div class=\"elementor-element elementor-element-99f924a e-con-full e-flex e-con e-child\" data-id=\"99f924a\" data-element_type=\"container\">\n\t\t\t\t<div class=\"elementor-element elementor-element-7d33fa4 elementor-widget elementor-widget-image\" data-id=\"7d33fa4\" data-element_type=\"widget\" data-widget_type=\"image.default\">\n\t\t\t\t\t\t\t\t\t\t\t\t\t\t\t<img decoding=\"async\" width=\"683\" height=\"1024\" src=\"https:\/\/shuffleheaven.fi\/wp-content\/uploads\/2026\/02\/DSC09714-683x1024.jpg\" class=\"attachment-large size-large wp-image-325\" alt=\"\" srcset=\"https:\/\/shuffleheaven.fi\/wp-content\/uploads\/2026\/02\/DSC09714-683x1024.jpg 683w, https:\/\/shuffleheaven.fi\/wp-content\/uploads\/2026\/02\/DSC09714-200x300.jpg 200w, https:\/\/shuffleheaven.fi\/wp-content\/uploads\/2026\/02\/DSC09714-768x1152.jpg 768w, https:\/\/shuffleheaven.fi\/wp-content\/uploads\/2026\/02\/DSC09714-600x900.jpg 600w, https:\/\/shuffleheaven.fi\/wp-content\/uploads\/2026\/02\/DSC09714.jpg 1024w\" sizes=\"(max-width: 683px) 100vw, 683px\" \/>\t\t\t\t\t\t\t\t\t\t\t\t\t\t\t<\/div>\n\t\t\t\t<\/div>\n\t\t<div class=\"elementor-element elementor-element-deb434b e-con-full e-flex e-con e-child\" data-id=\"deb434b\" data-element_type=\"container\">\n\t\t<div class=\"elementor-element elementor-element-5d3747c e-con-full e-flex e-con e-child\" data-id=\"5d3747c\" data-element_type=\"container\">\n\t\t\t\t<div class=\"elementor-element elementor-element-4010635 elementor-widget elementor-widget-heading\" data-id=\"4010635\" data-element_type=\"widget\" data-widget_type=\"heading.default\">\n\t\t\t\t\t<h2 class=\"elementor-heading-title elementor-size-default\">mink\u00e4lainen tanssinohjaaja olen?<\/h2>\t\t\t\t<\/div>\n\t\t\t\t<\/div>\n\t\t<div class=\"elementor-element elementor-element-a095774 e-con-full e-flex e-con e-child\" data-id=\"a095774\" data-element_type=\"container\">\n\t\t\t\t<div class=\"elementor-element elementor-element-9ce6774 elementor-widget elementor-widget-text-editor\" data-id=\"9ce6774\" data-element_type=\"widget\" data-widget_type=\"text-editor.default\">\n\t\t\t\t\t\t\t\t\t<p>Tanssinohjaajana olen kannustava, positiivinen sek\u00e4 my\u00f6skin tarkka. Tunneilleni ovat tervetulleet kaikenik\u00e4iset, kaikentasoiset ja kaikenkokoiset oppilaat ja haluan, ett\u00e4 tunneillani on hyv\u00e4 fiilis, hyv\u00e4 ilmapiiri sek\u00e4 oppimisen iloa.&nbsp;<br><br>Muistan viel\u00e4 itsekin, mink\u00e4laista oli aloittaa uusi tanssilaji ja k\u00e4yt\u00e4n omaa kokemustani ohjaamisen tukena, sill\u00e4 tied\u00e4n, ett\u00e4 kaikille tanssiminen ei tule luonnostaan vaan se vaatii aikaa ja harjoittelua. Itsekin olen l\u00e4htenyt shufflen pariin aivan nollasta.&nbsp;<br><br>T\u00e4rke\u00e4\u00e4 on avoin ja positiivinen mieli sek\u00e4 sinnikkyys, ett\u00e4 ei heti luovuta, jos jokin liike ei tunnu onnistuvan.&nbsp;<br><br>Toivottavasti n\u00e4hd\u00e4\u00e4n tunneilla!&nbsp;<br><br><br><\/p>\t\t\t\t\t\t\t\t<\/div>\n\t\t\t\t<\/div>\n\t\t\t\t<\/div>\n\t\t\t\t\t<\/div>\n\t\t\t\t<\/div>\n\t\t\t\t<\/div>\n\t\t","protected":false},"excerpt":{"rendered":"<p>kuka on shuffleheavenin takana? Moi! Olen Maiju P\u00f6pp\u00f6nen, joensuulainen yritt\u00e4j\u00e4 ja tanssinohjaaja! Olen itse innostunut shuffletanssista vuonna 2021 ja aloittanut silloin shufflen harrastamisen. Oma taustani tanssissa ennen shufflen harrastamista ei ole laaja tai pitk\u00e4 lukuunottamatta lapsuuden muutamia lyhyit\u00e4 tanssiharrastuksia. Olen aina pit\u00e4nyt tanssista, mutta olen kokenut aikaisemmin olevani k\u00f6mpel\u00f6 ja shuffletanssin my\u00f6t\u00e4 olen saanut paljon&hellip;&nbsp;<a href=\"https:\/\/shuffleheaven.fi\/index.php\/meista\/\" rel=\"bookmark\"><span class=\"screen-reader-text\">Meist\u00e4<\/span><\/a><\/p>\n","protected":false},"author":1,"featured_media":0,"parent":0,"menu_order":0,"comment_status":"closed","ping_status":"closed","template":"page-templates\/template-pagebuilder-full-width.php","meta":{"neve_meta_sidebar":"","neve_meta_container":"","neve_meta_enable_content_width":"","neve_meta_content_width":0,"neve_meta_title_alignment":"","neve_meta_author_avatar":"","neve_post_elements_order":"","neve_meta_disable_header":"","neve_meta_disable_footer":"","neve_meta_disable_title":"","footnotes":""},"class_list":["post-2","page","type-page","status-publish","hentry"],"yoast_head":"<!-- This site is optimized with the Yoast SEO plugin v26.6 - https:\/\/yoast.com\/wordpress\/plugins\/seo\/ -->\n<title>Meist\u00e4 - SHUFFLEHEAVEN<\/title>\n<meta name=\"robots\" content=\"index, follow, max-snippet:-1, max-image-preview:large, max-video-preview:-1\" \/>\n<link rel=\"canonical\" href=\"https:\/\/shuffleheaven.fi\/index.php\/meista\/\" \/>\n<meta property=\"og:locale\" content=\"fi_FI\" \/>\n<meta property=\"og:type\" content=\"article\" \/>\n<meta property=\"og:title\" content=\"Meist\u00e4 - SHUFFLEHEAVEN\" \/>\n<meta property=\"og:description\" content=\"kuka on shuffleheavenin takana? Moi! Olen Maiju P\u00f6pp\u00f6nen, joensuulainen yritt\u00e4j\u00e4 ja tanssinohjaaja! Olen itse innostunut shuffletanssista vuonna 2021 ja aloittanut silloin shufflen harrastamisen. Oma taustani tanssissa ennen shufflen harrastamista ei ole laaja tai pitk\u00e4 lukuunottamatta lapsuuden muutamia lyhyit\u00e4 tanssiharrastuksia. Olen aina pit\u00e4nyt tanssista, mutta olen kokenut aikaisemmin olevani k\u00f6mpel\u00f6 ja shuffletanssin my\u00f6t\u00e4 olen saanut paljon&hellip;&nbsp;Meist\u00e4\" \/>\n<meta property=\"og:url\" content=\"https:\/\/shuffleheaven.fi\/index.php\/meista\/\" \/>\n<meta property=\"og:site_name\" content=\"SHUFFLEHEAVEN\" \/>\n<meta property=\"article:modified_time\" content=\"2026-02-01T19:31:58+00:00\" \/>\n<meta property=\"og:image\" content=\"https:\/\/shuffleheaven.fi\/wp-content\/uploads\/2026\/02\/DSC09666.jpg\" \/>\n\t<meta property=\"og:image:width\" content=\"1024\" \/>\n\t<meta property=\"og:image:height\" content=\"1536\" \/>\n\t<meta property=\"og:image:type\" content=\"image\/jpeg\" \/>\n<meta name=\"twitter:card\" content=\"summary_large_image\" \/>\n<meta name=\"twitter:label1\" content=\"Arvioitu lukuaika\" \/>\n\t<meta name=\"twitter:data1\" content=\"2 minuuttia\" \/>\n<script type=\"application\/ld+json\" class=\"yoast-schema-graph\">{\"@context\":\"https:\/\/schema.org\",\"@graph\":[{\"@type\":\"WebPage\",\"@id\":\"https:\/\/shuffleheaven.fi\/index.php\/meista\/\",\"url\":\"https:\/\/shuffleheaven.fi\/index.php\/meista\/\",\"name\":\"Meist\u00e4 - SHUFFLEHEAVEN\",\"isPartOf\":{\"@id\":\"https:\/\/shuffleheaven.fi\/#website\"},\"primaryImageOfPage\":{\"@id\":\"https:\/\/shuffleheaven.fi\/index.php\/meista\/#primaryimage\"},\"image\":{\"@id\":\"https:\/\/shuffleheaven.fi\/index.php\/meista\/#primaryimage\"},\"thumbnailUrl\":\"https:\/\/shuffleheaven.fi\/wp-content\/uploads\/2026\/02\/DSC09666-683x1024.jpg\",\"datePublished\":\"2025-12-23T09:26:08+00:00\",\"dateModified\":\"2026-02-01T19:31:58+00:00\",\"breadcrumb\":{\"@id\":\"https:\/\/shuffleheaven.fi\/index.php\/meista\/#breadcrumb\"},\"inLanguage\":\"fi\",\"potentialAction\":[{\"@type\":\"ReadAction\",\"target\":[\"https:\/\/shuffleheaven.fi\/index.php\/meista\/\"]}]},{\"@type\":\"ImageObject\",\"inLanguage\":\"fi\",\"@id\":\"https:\/\/shuffleheaven.fi\/index.php\/meista\/#primaryimage\",\"url\":\"https:\/\/shuffleheaven.fi\/wp-content\/uploads\/2026\/02\/DSC09666.jpg\",\"contentUrl\":\"https:\/\/shuffleheaven.fi\/wp-content\/uploads\/2026\/02\/DSC09666.jpg\",\"width\":1024,\"height\":1536},{\"@type\":\"BreadcrumbList\",\"@id\":\"https:\/\/shuffleheaven.fi\/index.php\/meista\/#breadcrumb\",\"itemListElement\":[{\"@type\":\"ListItem\",\"position\":1,\"name\":\"Home\",\"item\":\"https:\/\/shuffleheaven.fi\/\"},{\"@type\":\"ListItem\",\"position\":2,\"name\":\"Meist\u00e4\"}]},{\"@type\":\"WebSite\",\"@id\":\"https:\/\/shuffleheaven.fi\/#website\",\"url\":\"https:\/\/shuffleheaven.fi\/\",\"name\":\"SHUFFLEHEAVEN\",\"description\":\"Shuffletanssia Joensuussa\",\"publisher\":{\"@id\":\"https:\/\/shuffleheaven.fi\/#organization\"},\"potentialAction\":[{\"@type\":\"SearchAction\",\"target\":{\"@type\":\"EntryPoint\",\"urlTemplate\":\"https:\/\/shuffleheaven.fi\/?s={search_term_string}\"},\"query-input\":{\"@type\":\"PropertyValueSpecification\",\"valueRequired\":true,\"valueName\":\"search_term_string\"}}],\"inLanguage\":\"fi\"},{\"@type\":\"Organization\",\"@id\":\"https:\/\/shuffleheaven.fi\/#organization\",\"name\":\"SHUFFLEHEAVEN\",\"url\":\"https:\/\/shuffleheaven.fi\/\",\"logo\":{\"@type\":\"ImageObject\",\"inLanguage\":\"fi\",\"@id\":\"https:\/\/shuffleheaven.fi\/#\/schema\/logo\/image\/\",\"url\":\"https:\/\/shuffleheaven.fi\/wp-content\/uploads\/2025\/12\/Untitled-design_20250716_183112_0000.png\",\"contentUrl\":\"https:\/\/shuffleheaven.fi\/wp-content\/uploads\/2025\/12\/Untitled-design_20250716_183112_0000.png\",\"width\":1000,\"height\":1000,\"caption\":\"SHUFFLEHEAVEN\"},\"image\":{\"@id\":\"https:\/\/shuffleheaven.fi\/#\/schema\/logo\/image\/\"}}]}<\/script>\n<!-- \/ Yoast SEO plugin. -->","yoast_head_json":{"title":"Meist\u00e4 - SHUFFLEHEAVEN","robots":{"index":"index","follow":"follow","max-snippet":"max-snippet:-1","max-image-preview":"max-image-preview:large","max-video-preview":"max-video-preview:-1"},"canonical":"https:\/\/shuffleheaven.fi\/index.php\/meista\/","og_locale":"fi_FI","og_type":"article","og_title":"Meist\u00e4 - SHUFFLEHEAVEN","og_description":"kuka on shuffleheavenin takana? Moi! Olen Maiju P\u00f6pp\u00f6nen, joensuulainen yritt\u00e4j\u00e4 ja tanssinohjaaja! Olen itse innostunut shuffletanssista vuonna 2021 ja aloittanut silloin shufflen harrastamisen. Oma taustani tanssissa ennen shufflen harrastamista ei ole laaja tai pitk\u00e4 lukuunottamatta lapsuuden muutamia lyhyit\u00e4 tanssiharrastuksia. Olen aina pit\u00e4nyt tanssista, mutta olen kokenut aikaisemmin olevani k\u00f6mpel\u00f6 ja shuffletanssin my\u00f6t\u00e4 olen saanut paljon&hellip;&nbsp;Meist\u00e4","og_url":"https:\/\/shuffleheaven.fi\/index.php\/meista\/","og_site_name":"SHUFFLEHEAVEN","article_modified_time":"2026-02-01T19:31:58+00:00","og_image":[{"width":1024,"height":1536,"url":"https:\/\/shuffleheaven.fi\/wp-content\/uploads\/2026\/02\/DSC09666.jpg","type":"image\/jpeg"}],"twitter_card":"summary_large_image","twitter_misc":{"Arvioitu lukuaika":"2 minuuttia"},"schema":{"@context":"https:\/\/schema.org","@graph":[{"@type":"WebPage","@id":"https:\/\/shuffleheaven.fi\/index.php\/meista\/","url":"https:\/\/shuffleheaven.fi\/index.php\/meista\/","name":"Meist\u00e4 - SHUFFLEHEAVEN","isPartOf":{"@id":"https:\/\/shuffleheaven.fi\/#website"},"primaryImageOfPage":{"@id":"https:\/\/shuffleheaven.fi\/index.php\/meista\/#primaryimage"},"image":{"@id":"https:\/\/shuffleheaven.fi\/index.php\/meista\/#primaryimage"},"thumbnailUrl":"https:\/\/shuffleheaven.fi\/wp-content\/uploads\/2026\/02\/DSC09666-683x1024.jpg","datePublished":"2025-12-23T09:26:08+00:00","dateModified":"2026-02-01T19:31:58+00:00","breadcrumb":{"@id":"https:\/\/shuffleheaven.fi\/index.php\/meista\/#breadcrumb"},"inLanguage":"fi","potentialAction":[{"@type":"ReadAction","target":["https:\/\/shuffleheaven.fi\/index.php\/meista\/"]}]},{"@type":"ImageObject","inLanguage":"fi","@id":"https:\/\/shuffleheaven.fi\/index.php\/meista\/#primaryimage","url":"https:\/\/shuffleheaven.fi\/wp-content\/uploads\/2026\/02\/DSC09666.jpg","contentUrl":"https:\/\/shuffleheaven.fi\/wp-content\/uploads\/2026\/02\/DSC09666.jpg","width":1024,"height":1536},{"@type":"BreadcrumbList","@id":"https:\/\/shuffleheaven.fi\/index.php\/meista\/#breadcrumb","itemListElement":[{"@type":"ListItem","position":1,"name":"Home","item":"https:\/\/shuffleheaven.fi\/"},{"@type":"ListItem","position":2,"name":"Meist\u00e4"}]},{"@type":"WebSite","@id":"https:\/\/shuffleheaven.fi\/#website","url":"https:\/\/shuffleheaven.fi\/","name":"SHUFFLEHEAVEN","description":"Shuffletanssia Joensuussa","publisher":{"@id":"https:\/\/shuffleheaven.fi\/#organization"},"potentialAction":[{"@type":"SearchAction","target":{"@type":"EntryPoint","urlTemplate":"https:\/\/shuffleheaven.fi\/?s={search_term_string}"},"query-input":{"@type":"PropertyValueSpecification","valueRequired":true,"valueName":"search_term_string"}}],"inLanguage":"fi"},{"@type":"Organization","@id":"https:\/\/shuffleheaven.fi\/#organization","name":"SHUFFLEHEAVEN","url":"https:\/\/shuffleheaven.fi\/","logo":{"@type":"ImageObject","inLanguage":"fi","@id":"https:\/\/shuffleheaven.fi\/#\/schema\/logo\/image\/","url":"https:\/\/shuffleheaven.fi\/wp-content\/uploads\/2025\/12\/Untitled-design_20250716_183112_0000.png","contentUrl":"https:\/\/shuffleheaven.fi\/wp-content\/uploads\/2025\/12\/Untitled-design_20250716_183112_0000.png","width":1000,"height":1000,"caption":"SHUFFLEHEAVEN"},"image":{"@id":"https:\/\/shuffleheaven.fi\/#\/schema\/logo\/image\/"}}]}},"jetpack_sharing_enabled":true,"_links":{"self":[{"href":"https:\/\/shuffleheaven.fi\/index.php\/wp-json\/wp\/v2\/pages\/2","targetHints":{"allow":["GET"]}}],"collection":[{"href":"https:\/\/shuffleheaven.fi\/index.php\/wp-json\/wp\/v2\/pages"}],"about":[{"href":"https:\/\/shuffleheaven.fi\/index.php\/wp-json\/wp\/v2\/types\/page"}],"author":[{"embeddable":true,"href":"https:\/\/shuffleheaven.fi\/index.php\/wp-json\/wp\/v2\/users\/1"}],"replies":[{"embeddable":true,"href":"https:\/\/shuffleheaven.fi\/index.php\/wp-json\/wp\/v2\/comments?post=2"}],"version-history":[{"count":11,"href":"https:\/\/shuffleheaven.fi\/index.php\/wp-json\/wp\/v2\/pages\/2\/revisions"}],"predecessor-version":[{"id":332,"href":"https:\/\/shuffleheaven.fi\/index.php\/wp-json\/wp\/v2\/pages\/2\/revisions\/332"}],"wp:attachment":[{"href":"https:\/\/shuffleheaven.fi\/index.php\/wp-json\/wp\/v2\/media?parent=2"}],"curies":[{"name":"wp","href":"https:\/\/api.w.org\/{rel}","templated":true}]}}